{"id":220,"date":"2025-03-12T09:48:15","date_gmt":"2025-03-12T09:48:15","guid":{"rendered":"https:\/\/tawwff.org\/?page_id=220"},"modified":"2025-03-14T09:56:23","modified_gmt":"2025-03-14T09:56:23","slug":"44-2","status":"publish","type":"page","link":"https:\/\/tawwff.org\/?page_id=220","title":{"rendered":"44&#8217;\u00fcn anlam\u0131"},"content":{"rendered":"\n<p>World Wide Flora Fauna&#8217;da 44 rakkam\u0131 \u00f6nemlidir. her qso bitiminde 73 yerine veya 73 le birlikte 44 denmesi tavsiye edilir. E\u011fer HF \u00e7al\u0131\u015f\u0131yorsan\u0131z do\u011fada amat\u00f6r telsizcilik faaliyeti yapan baz\u0131 istasyonlar\u0131n qso bitiminde 44 veya 73 ile birlikte 44 der.<\/p>\n\n\n\n<p>Bir referans\u0131n aktivasyonu i\u00e7in en az 44 qso gereklidir.<\/p>\n\n\n\n<p>44 \u00fcn ilk d\u00f6rd\u00fc 4 elementi temsil eder bunlar toprak, su, hava ve ate\u015ftir, ikinci 4 ise kuzey, g\u00fcney, do\u011fu ve bat\u0131 olarak y\u00f6nlerdir.<\/p>\n\n\n\n<p><\/p>\n","protected":false},"excerpt":{"rendered":"<p>World Wide Flora Fauna&#8217;da 44 rakkam\u0131 \u00f6nemlidir. her qso bitiminde 73 yerine veya 73 le birlikte 44 denmesi tavsiye edilir. E\u011fer HF \u00e7al\u0131\u015f\u0131yorsan\u0131z do\u011fada amat\u00f6r telsizcilik faaliyeti yapan baz\u0131 istasyonlar\u0131n qso bitiminde 44 veya 73 ile birlikte 44 der. Bir referans\u0131n aktivasyonu i\u00e7in en az 44 qso gereklidir. 44 \u00fcn ilk d\u00f6rd\u00fc 4 elementi temsil &hellip; <\/p>\n<p class=\"link-more\"><a href=\"https:\/\/tawwff.org\/?page_id=220\" class=\"more-link\">Read more<span class=\"screen-reader-text\"> &#8220;44&#8217;\u00fcn anlam\u0131&#8221;<\/span><\/a><\/p>\n","protected":false},"author":1,"featured_media":0,"parent":0,"menu_order":0,"comment_status":"closed","ping_status":"closed","template":"","meta":{"footnotes":""},"class_list":["post-220","page","type-page","status-publish","hentry"],"yoast_head":"<!-- This site is optimized with the Yoast SEO plugin v23.4 - https:\/\/yoast.com\/wordpress\/plugins\/seo\/ -->\n<title>44&#039;\u00fcn anlam\u0131 - World Wide Flora Fauna T\u00fcrkiye<\/title>\n<meta name=\"robots\" content=\"index, follow, max-snippet:-1, max-image-preview:large, max-video-preview:-1\" \/>\n<link rel=\"canonical\" href=\"https:\/\/tawwff.org\/?page_id=220\" \/>\n<meta property=\"og:locale\" content=\"en_US\" \/>\n<meta property=\"og:type\" content=\"article\" \/>\n<meta property=\"og:title\" content=\"44&#039;\u00fcn anlam\u0131 - World Wide Flora Fauna T\u00fcrkiye\" \/>\n<meta property=\"og:description\" content=\"World Wide Flora Fauna&#8217;da 44 rakkam\u0131 \u00f6nemlidir. her qso bitiminde 73 yerine veya 73 le birlikte 44 denmesi tavsiye edilir. E\u011fer HF \u00e7al\u0131\u015f\u0131yorsan\u0131z do\u011fada amat\u00f6r telsizcilik faaliyeti yapan baz\u0131 istasyonlar\u0131n qso bitiminde 44 veya 73 ile birlikte 44 der. Bir referans\u0131n aktivasyonu i\u00e7in en az 44 qso gereklidir. 44 \u00fcn ilk d\u00f6rd\u00fc 4 elementi temsil &hellip; Read more &quot;44&#8217;\u00fcn anlam\u0131&quot;\" \/>\n<meta property=\"og:url\" content=\"https:\/\/tawwff.org\/?page_id=220\" \/>\n<meta property=\"og:site_name\" content=\"World Wide Flora Fauna T\u00fcrkiye\" \/>\n<meta property=\"article:modified_time\" content=\"2025-03-14T09:56:23+00:00\" \/>\n<meta name=\"twitter:card\" content=\"summary_large_image\" \/>\n<meta name=\"twitter:label1\" content=\"Est. reading time\" \/>\n\t<meta name=\"twitter:data1\" content=\"1 minute\" \/>\n<script type=\"application\/ld+json\" class=\"yoast-schema-graph\">{\"@context\":\"https:\/\/schema.org\",\"@graph\":[{\"@type\":\"WebPage\",\"@id\":\"https:\/\/tawwff.org\/?page_id=220\",\"url\":\"https:\/\/tawwff.org\/?page_id=220\",\"name\":\"44'\u00fcn anlam\u0131 - World Wide Flora Fauna T\u00fcrkiye\",\"isPartOf\":{\"@id\":\"https:\/\/tawwff.org\/#website\"},\"datePublished\":\"2025-03-12T09:48:15+00:00\",\"dateModified\":\"2025-03-14T09:56:23+00:00\",\"breadcrumb\":{\"@id\":\"https:\/\/tawwff.org\/?page_id=220#breadcrumb\"},\"inLanguage\":\"en-US\",\"potentialAction\":[{\"@type\":\"ReadAction\",\"target\":[\"https:\/\/tawwff.org\/?page_id=220\"]}]},{\"@type\":\"BreadcrumbList\",\"@id\":\"https:\/\/tawwff.org\/?page_id=220#breadcrumb\",\"itemListElement\":[{\"@type\":\"ListItem\",\"position\":1,\"name\":\"Home\",\"item\":\"https:\/\/tawwff.org\/\"},{\"@type\":\"ListItem\",\"position\":2,\"name\":\"44&#8217;\u00fcn anlam\u0131\"}]},{\"@type\":\"WebSite\",\"@id\":\"https:\/\/tawwff.org\/#website\",\"url\":\"https:\/\/tawwff.org\/\",\"name\":\"World Wide Flora Fauna T\u00fcrkiye\",\"description\":\"\",\"publisher\":{\"@id\":\"https:\/\/tawwff.org\/#organization\"},\"potentialAction\":[{\"@type\":\"SearchAction\",\"target\":{\"@type\":\"EntryPoint\",\"urlTemplate\":\"https:\/\/tawwff.org\/?s={search_term_string}\"},\"query-input\":{\"@type\":\"PropertyValueSpecification\",\"valueRequired\":true,\"valueName\":\"search_term_string\"}}],\"inLanguage\":\"en-US\"},{\"@type\":\"Organization\",\"@id\":\"https:\/\/tawwff.org\/#organization\",\"name\":\"World Wide Flora Fauna T\u00fcrkiye\",\"url\":\"https:\/\/tawwff.org\/\",\"logo\":{\"@type\":\"ImageObject\",\"inLanguage\":\"en-US\",\"@id\":\"https:\/\/tawwff.org\/#\/schema\/logo\/image\/\",\"url\":\"https:\/\/tawwff.org\/wp-content\/uploads\/2025\/03\/tawwff-turkiye-kopya.png\",\"contentUrl\":\"https:\/\/tawwff.org\/wp-content\/uploads\/2025\/03\/tawwff-turkiye-kopya.png\",\"width\":1024,\"height\":1024,\"caption\":\"World Wide Flora Fauna T\u00fcrkiye\"},\"image\":{\"@id\":\"https:\/\/tawwff.org\/#\/schema\/logo\/image\/\"}}]}<\/script>\n<!-- \/ Yoast SEO plugin. -->","yoast_head_json":{"title":"44'\u00fcn anlam\u0131 - World Wide Flora Fauna T\u00fcrkiye","robots":{"index":"index","follow":"follow","max-snippet":"max-snippet:-1","max-image-preview":"max-image-preview:large","max-video-preview":"max-video-preview:-1"},"canonical":"https:\/\/tawwff.org\/?page_id=220","og_locale":"en_US","og_type":"article","og_title":"44'\u00fcn anlam\u0131 - World Wide Flora Fauna T\u00fcrkiye","og_description":"World Wide Flora Fauna&#8217;da 44 rakkam\u0131 \u00f6nemlidir. her qso bitiminde 73 yerine veya 73 le birlikte 44 denmesi tavsiye edilir. E\u011fer HF \u00e7al\u0131\u015f\u0131yorsan\u0131z do\u011fada amat\u00f6r telsizcilik faaliyeti yapan baz\u0131 istasyonlar\u0131n qso bitiminde 44 veya 73 ile birlikte 44 der. Bir referans\u0131n aktivasyonu i\u00e7in en az 44 qso gereklidir. 44 \u00fcn ilk d\u00f6rd\u00fc 4 elementi temsil &hellip; Read more \"44&#8217;\u00fcn anlam\u0131\"","og_url":"https:\/\/tawwff.org\/?page_id=220","og_site_name":"World Wide Flora Fauna T\u00fcrkiye","article_modified_time":"2025-03-14T09:56:23+00:00","twitter_card":"summary_large_image","twitter_misc":{"Est. reading time":"1 minute"},"schema":{"@context":"https:\/\/schema.org","@graph":[{"@type":"WebPage","@id":"https:\/\/tawwff.org\/?page_id=220","url":"https:\/\/tawwff.org\/?page_id=220","name":"44'\u00fcn anlam\u0131 - World Wide Flora Fauna T\u00fcrkiye","isPartOf":{"@id":"https:\/\/tawwff.org\/#website"},"datePublished":"2025-03-12T09:48:15+00:00","dateModified":"2025-03-14T09:56:23+00:00","breadcrumb":{"@id":"https:\/\/tawwff.org\/?page_id=220#breadcrumb"},"inLanguage":"en-US","potentialAction":[{"@type":"ReadAction","target":["https:\/\/tawwff.org\/?page_id=220"]}]},{"@type":"BreadcrumbList","@id":"https:\/\/tawwff.org\/?page_id=220#breadcrumb","itemListElement":[{"@type":"ListItem","position":1,"name":"Home","item":"https:\/\/tawwff.org\/"},{"@type":"ListItem","position":2,"name":"44&#8217;\u00fcn anlam\u0131"}]},{"@type":"WebSite","@id":"https:\/\/tawwff.org\/#website","url":"https:\/\/tawwff.org\/","name":"World Wide Flora Fauna T\u00fcrkiye","description":"","publisher":{"@id":"https:\/\/tawwff.org\/#organization"},"potentialAction":[{"@type":"SearchAction","target":{"@type":"EntryPoint","urlTemplate":"https:\/\/tawwff.org\/?s={search_term_string}"},"query-input":{"@type":"PropertyValueSpecification","valueRequired":true,"valueName":"search_term_string"}}],"inLanguage":"en-US"},{"@type":"Organization","@id":"https:\/\/tawwff.org\/#organization","name":"World Wide Flora Fauna T\u00fcrkiye","url":"https:\/\/tawwff.org\/","logo":{"@type":"ImageObject","inLanguage":"en-US","@id":"https:\/\/tawwff.org\/#\/schema\/logo\/image\/","url":"https:\/\/tawwff.org\/wp-content\/uploads\/2025\/03\/tawwff-turkiye-kopya.png","contentUrl":"https:\/\/tawwff.org\/wp-content\/uploads\/2025\/03\/tawwff-turkiye-kopya.png","width":1024,"height":1024,"caption":"World Wide Flora Fauna T\u00fcrkiye"},"image":{"@id":"https:\/\/tawwff.org\/#\/schema\/logo\/image\/"}}]}},"_links":{"self":[{"href":"https:\/\/tawwff.org\/index.php?rest_route=\/wp\/v2\/pages\/220","targetHints":{"allow":["GET"]}}],"collection":[{"href":"https:\/\/tawwff.org\/index.php?rest_route=\/wp\/v2\/pages"}],"about":[{"href":"https:\/\/tawwff.org\/index.php?rest_route=\/wp\/v2\/types\/page"}],"author":[{"embeddable":true,"href":"https:\/\/tawwff.org\/index.php?rest_route=\/wp\/v2\/users\/1"}],"replies":[{"embeddable":true,"href":"https:\/\/tawwff.org\/index.php?rest_route=%2Fwp%2Fv2%2Fcomments&post=220"}],"version-history":[{"count":4,"href":"https:\/\/tawwff.org\/index.php?rest_route=\/wp\/v2\/pages\/220\/revisions"}],"predecessor-version":[{"id":229,"href":"https:\/\/tawwff.org\/index.php?rest_route=\/wp\/v2\/pages\/220\/revisions\/229"}],"wp:attachment":[{"href":"https:\/\/tawwff.org\/index.php?rest_route=%2Fwp%2Fv2%2Fmedia&parent=220"}],"curies":[{"name":"wp","href":"https:\/\/api.w.org\/{rel}","templated":true}]}}